{"id":44,"date":"2018-11-14T06:58:29","date_gmt":"2018-11-14T06:58:29","guid":{"rendered":"http:\/\/partyservice-eisenberg.de\/?page_id=44"},"modified":"2026-05-03T12:23:59","modified_gmt":"2026-05-03T11:23:59","slug":"home","status":"publish","type":"page","link":"https:\/\/eisenberger-hausmannskost.de\/?page_id=44","title":{"rendered":"\u00dcber uns"},"content":{"rendered":"<p style=\"text-align: center;\"><span style=\"color: #000000;\">Wir bieten Ihnen gute th\u00fcringische Hausmannskost.<\/span><\/p>\n<p style=\"text-align: center;\"><span style=\"color: #000000;\">Von Mai bis September k\u00f6nnen sie in unserem sch\u00f6nen Garten sitzen, das frisch zubereitete Essen und das lebhafte Stadtleben unter den D\u00e4chern von schattigen Kastanienb\u00e4umen genie\u00dfen.<\/span><\/p>\n<p style=\"text-align: center;\"><span style=\"color: #000000;\">Zus\u00e4tzlich bieten wir Ihnen, wenn sie bis 10.30 Uhr bestellen, unseren Men\u00fc- Lieferservice an. F\u00fcr den kleinen Hunger gibt es auch unsere Men\u00fcs. <\/span><span style=\"color: #000000;\">Die Speisen werden gut verpackt freihaus zur Mittagszeit geliefert. Dar\u00fcber hinaus k\u00f6nnen die Gerichte abgeholt und mitgenommen werden.<\/span><\/p>\n<p><img loading=\"lazy\" decoding=\"async\" class=\"alignnone size-medium wp-image-54 aligncenter\" src=\"http:\/\/partyservice-eisenberg.de\/wp-content\/uploads\/2018\/11\/Blechauto-300x204.jpg\" alt=\"\" width=\"300\" height=\"204\" srcset=\"https:\/\/eisenberger-hausmannskost.de\/wp-content\/uploads\/2018\/11\/Blechauto-300x204.jpg 300w, https:\/\/eisenberger-hausmannskost.de\/wp-content\/uploads\/2018\/11\/Blechauto-768x521.jpg 768w, https:\/\/eisenberger-hausmannskost.de\/wp-content\/uploads\/2018\/11\/Blechauto-1024x695.jpg 1024w, https:\/\/eisenberger-hausmannskost.de\/wp-content\/uploads\/2018\/11\/Blechauto-1140x774.jpg 1140w\" sizes=\"(max-width: 300px) 100vw, 300px\" \/><\/p>\n<p style=\"text-align: center;\"><span style=\"color: #000000;\">In unserem Haus k\u00f6nnen Sie Familienfeiern, Klassentreffen, Firmenfeiern und andere sch\u00f6ne<\/span><br \/>\n<span style=\"color: #000000;\">Abende verbringen.\u00a0<\/span><span style=\"color: #000000;\">Unser Gastraum bietet dabei Platz f\u00fcr 45 Personen.<\/span><\/p>\n<p style=\"text-align: center;\"><span style=\"color: #000000;\">Der H\u00f6hepunkt einer Feier ist oft das gemeinsame Essen. Mit unserer langj\u00e4hrigen Erfahrung und guten Ausstattung k\u00f6nnen wir Ihnen beim guten Gelingen Ihres Festes zur Seite stehen. <\/span><\/p>\n<p style=\"text-align: center;\"><span style=\"color: #000000;\">Wir bereiten Ihnen warme und kalte Buffets, Schnittchen, belegte Br\u00f6tchen und vieles mehr. Dabei k\u00f6nnen sie gern Ihre W\u00fcnsche mit einflie\u00dfen lassen. Ihre G\u00e4ste werden sich lange an die sch\u00f6ne Feier erinnern. Wenn Sie in unserer Gastst\u00e4tte feiern, k\u00fcmmern wir uns auch um die musikalische Umrahmung und Stimmung. <\/span><\/p>\n<p style=\"text-align: center;\"><span style=\"color: #000000;\">Ihr Catering richten wir auch au\u00dferhalb unserer Gesch\u00e4ftszeiten f\u00fcr Sie aus.\u00a0<\/span><span style=\"color: #000000;\">Gern liefern wir Ihnen auch unsere Buffets nach Hause.<\/span><\/p>\n<hr \/>\n<h4 style=\"text-align: center;\"><span style=\"color: #000000;\">Zur Geschichte vom Harald\u00b4s Buffet<\/span><\/h4>\n<p style=\"text-align: center;\"><span style=\"color: #000000;\">1880 wurde in der Adelheidstra\u00dfe, der heutigen Friedrich- Ebert- Stra\u00dfe 18, das Caf\u00e9 Dietzmann errichtet<\/span><br \/>\n<span style=\"color: #000000;\">1903 wurde es von dem Konditormeister Felix Dietzmann umgebaut<\/span><br \/>\n<span style=\"color: #000000;\">1920 \u00fcbernahm der Konditormeister Rudolf Schmidt die Bewirtschaftung des Caf\u00e9s, ab 1930 wurde im Lokal getanzt und bekam daher den Kosenamen Caf\u00e9 R\u00f6ckchen hoch<\/span><br \/>\n<span style=\"color: #000000;\">1952-1953 Fremdnutzung als Stadtbibliothek<\/span><br \/>\n<span style=\"color: #000000;\">danach wurde es zum HO Caf\u00e9 mit Gartenlokal<\/span><br \/>\n<span style=\"color: #000000;\">1960 Einrichtung einer modernen Selbstbedienungsgastst\u00e4tte. Sie besa\u00df 45 Sitz- und 30 Steh- Tischpl\u00e4tze. Die Speisen sind mittels eines Lochkartensystems verkauft worden.<\/span><br \/>\n<span style=\"color: #000000;\">1980-1982 Umbau zur Systemgastronomie und Schnellrestaurant<\/span><br \/>\n<span style=\"color: #000000;\">1982-1984 Bewirtschaftung durch das Ehepaar Nette<\/span><br \/>\n<span style=\"color: #000000;\">1984 Gastst\u00e4ttenleitung durch Harald Reichardt<\/span><br \/>\n<span style=\"color: #000000;\">1991 Privatisierung zu Harald\u00b4s Buffet durch Harald und Marianne Reichardt<\/span><\/p>\n<p>&nbsp;<\/p>\n","protected":false},"excerpt":{"rendered":"<p>Wir bieten Ihnen gute th\u00fcringische Hausmannskost. Von Mai bis September k\u00f6nnen sie in unserem sch\u00f6nen Garten sitzen, das frisch zubereitete Essen und das lebhafte Stadtleben unter den D\u00e4chern von schattigen Kastanienb\u00e4umen genie\u00dfen. Zus\u00e4tzlich bieten wir Ihnen, wenn sie bis 10.30 Uhr bestellen, unseren Men\u00fc- Lieferservice an. F\u00fcr den kleinen Hunger gibt es auch unsere Men\u00fcs. Die Speisen werden gut verpackt freihaus zur Mittagszeit geliefert. Dar\u00fcber hinaus k\u00f6nnen die Gerichte abgeholt und mitgenommen werden. In unserem Haus k\u00f6nnen Sie Familienfeiern, Klassentreffen, Firmenfeiern und andere sch\u00f6ne Abende verbringen.\u00a0Unser Gastraum bietet dabei Platz f\u00fcr 45 Personen. Der H\u00f6hepunkt einer Feier ist oft das gemeinsame Essen. Mit unserer langj\u00e4hrigen Erfahrung und guten Ausstattung k\u00f6nnen wir Ihnen beim guten Gelingen Ihres Festes zur Seite stehen. Wir bereiten Ihnen warme und kalte Buffets, Schnittchen, belegte Br\u00f6tchen und vieles mehr. Dabei k\u00f6nnen sie gern Ihre W\u00fcnsche mit einflie\u00dfen lassen. Ihre G\u00e4ste werden sich lange an die sch\u00f6ne Feier erinnern. Wenn Sie in unserer Gastst\u00e4tte feiern, k\u00fcmmern wir uns auch um die musikalische Umrahmung und Stimmung. Ihr Catering richten wir auch au\u00dferhalb unserer Gesch\u00e4ftszeiten f\u00fcr Sie aus.\u00a0Gern liefern wir Ihnen auch unsere Buffets nach Hause. Zur Geschichte vom Harald\u00b4s Buffet 1880 wurde in der Adelheidstra\u00dfe, der heutigen Friedrich- Ebert- Stra\u00dfe 18, das Caf\u00e9 Dietzmann errichtet 1903 wurde es von dem Konditormeister Felix Dietzmann umgebaut 1920 \u00fcbernahm der Konditormeister Rudolf Schmidt die Bewirtschaftung des Caf\u00e9s, ab 1930 wurde im Lokal getanzt und bekam daher den Kosenamen Caf\u00e9 R\u00f6ckchen hoch 1952-1953 Fremdnutzung als Stadtbibliothek danach wurde es zum HO Caf\u00e9 mit Gartenlokal 1960 Einrichtung einer modernen Selbstbedienungsgastst\u00e4tte. Sie besa\u00df 45 Sitz- und 30 Steh- Tischpl\u00e4tze. Die Speisen sind mittels eines Lochkartensystems verkauft worden. 1980-1982 Umbau zur Systemgastronomie und Schnellrestaurant 1982-1984 Bewirtschaftung durch das Ehepaar Nette 1984 Gastst\u00e4ttenleitung durch Harald Reichardt 1991 Privatisierung zu Harald\u00b4s Buffet durch Harald und Marianne Reichardt &nbsp;<\/p>\n","protected":false},"author":1,"featured_media":0,"parent":0,"menu_order":2,"comment_status":"closed","ping_status":"closed","template":"","meta":{"footnotes":""},"_links":{"self":[{"href":"https:\/\/eisenberger-hausmannskost.de\/index.php?rest_route=\/wp\/v2\/pages\/44"}],"collection":[{"href":"https:\/\/eisenberger-hausmannskost.de\/index.php?rest_route=\/wp\/v2\/pages"}],"about":[{"href":"https:\/\/eisenberger-hausmannskost.de\/index.php?rest_route=\/wp\/v2\/types\/page"}],"author":[{"embeddable":true,"href":"https:\/\/eisenberger-hausmannskost.de\/index.php?rest_route=\/wp\/v2\/users\/1"}],"replies":[{"embeddable":true,"href":"https:\/\/eisenberger-hausmannskost.de\/index.php?rest_route=%2Fwp%2Fv2%2Fcomments&post=44"}],"version-history":[{"count":22,"href":"https:\/\/eisenberger-hausmannskost.de\/index.php?rest_route=\/wp\/v2\/pages\/44\/revisions"}],"predecessor-version":[{"id":545,"href":"https:\/\/eisenberger-hausmannskost.de\/index.php?rest_route=\/wp\/v2\/pages\/44\/revisions\/545"}],"wp:attachment":[{"href":"https:\/\/eisenberger-hausmannskost.de\/index.php?rest_route=%2Fwp%2Fv2%2Fmedia&parent=44"}],"curies":[{"name":"wp","href":"https:\/\/api.w.org\/{rel}","templated":true}]}}