{"id":69,"date":"2018-11-15T18:05:37","date_gmt":"2018-11-15T18:05:37","guid":{"rendered":"http:\/\/partyservice-eisenberg.de\/?page_id=69"},"modified":"2025-07-31T13:42:57","modified_gmt":"2025-07-31T12:42:57","slug":"startseite","status":"publish","type":"page","link":"https:\/\/eisenberger-hausmannskost.de\/","title":{"rendered":"Startseite"},"content":{"rendered":"<h3 style=\"padding-left: 40px; text-align: center;\"><span style=\"color: #000000;\">Herzlich Willkommen bei Harald\u00b4s Buffet, Ihrer A<\/span><span style=\"color: #000000;\">dresse f\u00fcr gute th\u00fcringis<\/span><span style=\"color: #000000;\">che Hausmannskost in Eisenberg.\u00a0<\/span><span style=\"color: #000000;\"><span style=\"color: #808000;\">\u00a0<\/span><\/span><\/h3>\r\n<h3 style=\"text-align: center;\">Wir hei\u00dfen Sie willkommen, besuchen Sie uns und genie\u00dfen unsere th\u00fcringischen Gerichte aus dem Saale- Holzland- Kreis.<\/h3>\r\n<h3 style=\"text-align: center;\">Bereits jetzt freuen wir uns auf Sie.<\/h3>\r\n<h3 style=\"text-align: center;\">Sie k\u00f6nnen auch Ihre Gerichte gut verpackt \u00fcber dem Fensterverkauf in der Hofeinfahrt bestellen und mit nach Hause oder auf Arbeit nehmen.<\/h3>\r\n<h3 style=\"text-align: center;\">Wir liefern auch Ihre gew\u00fcnschten Gerichte.\u00a0<\/h3>\r\n<h3>\u00a0<\/h3>\r\n<h3 style=\"text-align: center;\">\u00a0<\/h3>\r\n<p>&nbsp;<\/p>\r\n\r\n<p>&nbsp;<\/p>\r\n","protected":false},"excerpt":{"rendered":"<p>Herzlich Willkommen bei Harald\u00b4s Buffet, Ihrer Adresse f\u00fcr gute th\u00fcringische Hausmannskost in Eisenberg.\u00a0\u00a0 Wir hei\u00dfen Sie willkommen, besuchen Sie uns und genie\u00dfen unsere th\u00fcringischen Gerichte aus dem Saale- Holzland- Kreis. Bereits jetzt freuen wir uns auf Sie. Sie k\u00f6nnen auch Ihre Gerichte gut verpackt \u00fcber dem Fensterverkauf in der Hofeinfahrt bestellen und mit nach Hause oder auf Arbeit nehmen. Wir liefern auch Ihre gew\u00fcnschten Gerichte.\u00a0 \u00a0 \u00a0 &nbsp; &nbsp;<\/p>\n","protected":false},"author":1,"featured_media":0,"parent":0,"menu_order":1,"comment_status":"closed","ping_status":"closed","template":"","meta":{"footnotes":""},"_links":{"self":[{"href":"https:\/\/eisenberger-hausmannskost.de\/index.php?rest_route=\/wp\/v2\/pages\/69"}],"collection":[{"href":"https:\/\/eisenberger-hausmannskost.de\/index.php?rest_route=\/wp\/v2\/pages"}],"about":[{"href":"https:\/\/eisenberger-hausmannskost.de\/index.php?rest_route=\/wp\/v2\/types\/page"}],"author":[{"embeddable":true,"href":"https:\/\/eisenberger-hausmannskost.de\/index.php?rest_route=\/wp\/v2\/users\/1"}],"replies":[{"embeddable":true,"href":"https:\/\/eisenberger-hausmannskost.de\/index.php?rest_route=%2Fwp%2Fv2%2Fcomments&post=69"}],"version-history":[{"count":62,"href":"https:\/\/eisenberger-hausmannskost.de\/index.php?rest_route=\/wp\/v2\/pages\/69\/revisions"}],"predecessor-version":[{"id":540,"href":"https:\/\/eisenberger-hausmannskost.de\/index.php?rest_route=\/wp\/v2\/pages\/69\/revisions\/540"}],"wp:attachment":[{"href":"https:\/\/eisenberger-hausmannskost.de\/index.php?rest_route=%2Fwp%2Fv2%2Fmedia&parent=69"}],"curies":[{"name":"wp","href":"https:\/\/api.w.org\/{rel}","templated":true}]}}